{"id":1042,"date":"2018-05-27T19:48:40","date_gmt":"2018-05-27T18:48:40","guid":{"rendered":"https:\/\/mtc-fassberg.de\/?page_id=1042"},"modified":"2025-01-09T07:02:01","modified_gmt":"2025-01-09T06:02:01","slug":"datenschutz","status":"publish","type":"page","link":"https:\/\/mtc-fassberg.de\/?page_id=1042","title":{"rendered":"Datenschutz"},"content":{"rendered":"Datenschutzerkl\u00e4rung\r\nDer Schutz der Privatsph\u00e4re ist f\u00fcr uns sehr wichtig. <a href=\"https:\/\/mtc-fassberg.de\/?page_id=1042\" class=\"more-link\"> <\/a>","protected":false},"excerpt":{"rendered":"<p>Datenschutzerkl\u00e4rung Der Schutz der Privatsph\u00e4re ist f\u00fcr uns sehr wichtig.<\/p>\n","protected":false},"author":1,"featured_media":0,"parent":0,"menu_order":0,"comment_status":"closed","ping_status":"closed","template":"","meta":[],"_links":{"self":[{"href":"https:\/\/mtc-fassberg.de\/index.php?rest_route=\/wp\/v2\/pages\/1042"}],"collection":[{"href":"https:\/\/mtc-fassberg.de\/index.php?rest_route=\/wp\/v2\/pages"}],"about":[{"href":"https:\/\/mtc-fassberg.de\/index.php?rest_route=\/wp\/v2\/types\/page"}],"author":[{"embeddable":true,"href":"https:\/\/mtc-fassberg.de\/index.php?rest_route=\/wp\/v2\/users\/1"}],"replies":[{"embeddable":true,"href":"https:\/\/mtc-fassberg.de\/index.php?rest_route=%2Fwp%2Fv2%2Fcomments&post=1042"}],"version-history":[{"count":12,"href":"https:\/\/mtc-fassberg.de\/index.php?rest_route=\/wp\/v2\/pages\/1042\/revisions"}],"predecessor-version":[{"id":3423,"href":"https:\/\/mtc-fassberg.de\/index.php?rest_route=\/wp\/v2\/pages\/1042\/revisions\/3423"}],"wp:attachment":[{"href":"https:\/\/mtc-fassberg.de\/index.php?rest_route=%2Fwp%2Fv2%2Fmedia&parent=1042"}],"curies":[{"name":"wp","href":"https:\/\/api.w.org\/{rel}","templated":true}]}}