{"id":80,"date":"2015-04-25T17:41:13","date_gmt":"2015-04-25T17:41:13","guid":{"rendered":"http:\/\/mtc-fassberg.de\/?page_id=80"},"modified":"2020-07-02T07:10:13","modified_gmt":"2020-07-02T06:10:13","slug":"ueber-uns","status":"publish","type":"page","link":"https:\/\/mtc-fassberg.de\/?page_id=80","title":{"rendered":"\u00dcber uns"},"content":{"rendered":"Der Motor- und Touring-Club e.V. Fa\u00dfberg (im ADAC) wurde 1969 gegr\u00fcndet <a href=\"https:\/\/mtc-fassberg.de\/?page_id=80\" class=\"more-link\"> <\/a>","protected":false},"excerpt":{"rendered":"<p>Der Motor- und Touring-Club e.V. Fa\u00dfberg (im ADAC) wurde 1969 gegr\u00fcndet<\/p>\n","protected":false},"author":1,"featured_media":0,"parent":0,"menu_order":0,"comment_status":"closed","ping_status":"open","template":"","meta":[],"_links":{"self":[{"href":"https:\/\/mtc-fassberg.de\/index.php?rest_route=\/wp\/v2\/pages\/80"}],"collection":[{"href":"https:\/\/mtc-fassberg.de\/index.php?rest_route=\/wp\/v2\/pages"}],"about":[{"href":"https:\/\/mtc-fassberg.de\/index.php?rest_route=\/wp\/v2\/types\/page"}],"author":[{"embeddable":true,"href":"https:\/\/mtc-fassberg.de\/index.php?rest_route=\/wp\/v2\/users\/1"}],"replies":[{"embeddable":true,"href":"https:\/\/mtc-fassberg.de\/index.php?rest_route=%2Fwp%2Fv2%2Fcomments&post=80"}],"version-history":[{"count":13,"href":"https:\/\/mtc-fassberg.de\/index.php?rest_route=\/wp\/v2\/pages\/80\/revisions"}],"predecessor-version":[{"id":2431,"href":"https:\/\/mtc-fassberg.de\/index.php?rest_route=\/wp\/v2\/pages\/80\/revisions\/2431"}],"wp:attachment":[{"href":"https:\/\/mtc-fassberg.de\/index.php?rest_route=%2Fwp%2Fv2%2Fmedia&parent=80"}],"curies":[{"name":"wp","href":"https:\/\/api.w.org\/{rel}","templated":true}]}}